{"id":178,"date":"2021-01-14T18:52:50","date_gmt":"2021-01-14T17:52:50","guid":{"rendered":"https:\/\/henrilamy.com\/?page_id=178"},"modified":"2021-01-25T06:31:30","modified_gmt":"2021-01-25T05:31:30","slug":"performances","status":"publish","type":"page","link":"https:\/\/henrilamy.com\/fr\/performances\/","title":{"rendered":"Performances"},"content":{"rendered":"\t\t<div data-elementor-type=\"wp-page\" data-elementor-id=\"178\" class=\"elementor elementor-178\" data-elementor-post-type=\"page\">\n\t\t\t\t\t\t<section class=\"elementor-section elementor-top-section elementor-element elementor-element-06ebc72 elementor-section-height-min-height elementor-section-full_width elementor-section-items-stretch elementor-section-content-middle elementor-section-height-default\" data-id=\"06ebc72\" data-element_type=\"section\" data-e-type=\"section\" data-settings=\"{&quot;background_background&quot;:&quot;video&quot;,&quot;background_video_link&quot;:&quot;https:\\\/\\\/henrilamy.com\\\/wp-content\\\/uploads\\\/2021\\\/01\\\/performances.mp4&quot;,&quot;background_play_on_mobile&quot;:&quot;yes&quot;}\">\n\t\t\t\t\t\t\t\t<div class=\"elementor-background-video-container\">\n\t\t\t\t\t\t\t\t\t\t\t\t\t<video class=\"elementor-background-video-hosted\" role=\"presentation\" autoplay muted playsinline loop><\/video>\n\t\t\t\t\t\t\t\t\t\t\t<\/div>\n\t\t\t\t\t\t\t\t\t<div class=\"elementor-background-overlay\"><\/div>\n\t\t\t\t\t\t\t<div class=\"elementor-container elementor-column-gap-default\">\n\t\t\t\t\t<div class=\"elementor-column elementor-col-100 elementor-top-column elementor-element elementor-element-b43f8d2\" data-id=\"b43f8d2\" data-element_type=\"column\" data-e-type=\"column\">\n\t\t\t<div class=\"elementor-widget-wrap\">\n\t\t\t\t\t\t\t<\/div>\n\t\t<\/div>\n\t\t\t\t\t<\/div>\n\t\t<\/section>\n\t\t\t\t<section class=\"elementor-section elementor-top-section elementor-element elementor-element-e872895 elementor-section-boxed elementor-section-height-default elementor-section-height-default\" data-id=\"e872895\" data-element_type=\"section\" data-e-type=\"section\" data-settings=\"{&quot;background_background&quot;:&quot;classic&quot;}\">\n\t\t\t\t\t\t<div class=\"elementor-container elementor-column-gap-no\">\n\t\t\t\t\t<div class=\"elementor-column elementor-col-100 elementor-top-column elementor-element elementor-element-2c0db63\" data-id=\"2c0db63\" data-element_type=\"column\" data-e-type=\"column\">\n\t\t\t<div class=\"elementor-widget-wrap elementor-element-populated\">\n\t\t\t\t\t\t<section class=\"elementor-section elementor-inner-section elementor-element elementor-element-f13fa46 elementor-section-boxed elementor-section-height-default elementor-section-height-default\" data-id=\"f13fa46\" data-element_type=\"section\" data-e-type=\"section\">\n\t\t\t\t\t\t<div class=\"elementor-container elementor-column-gap-default\">\n\t\t\t\t\t<div class=\"elementor-column elementor-col-50 elementor-inner-column elementor-element elementor-element-b4152cd\" data-id=\"b4152cd\" data-element_type=\"column\" data-e-type=\"column\">\n\t\t\t<div class=\"elementor-widget-wrap elementor-element-populated\">\n\t\t\t\t\t\t<div class=\"elementor-element elementor-element-12af26a elementor-widget elementor-widget-heading\" data-id=\"12af26a\" data-element_type=\"widget\" data-e-type=\"widget\" data-widget_type=\"heading.default\">\n\t\t\t\t<div class=\"elementor-widget-container\">\n\t\t\t\t\t<h2 class=\"elementor-heading-title elementor-size-default\">PERFORMANCES<\/h2>\t\t\t\t<\/div>\n\t\t\t\t<\/div>\n\t\t\t\t<div class=\"elementor-element elementor-element-8321e84 elementor-widget elementor-widget-heading\" data-id=\"8321e84\" data-element_type=\"widget\" data-e-type=\"widget\" data-widget_type=\"heading.default\">\n\t\t\t\t<div class=\"elementor-widget-container\">\n\t\t\t\t\t<p class=\"elementor-heading-title elementor-size-default\">Prolongement naturel de son art sur toile, la capoera-painting donne l'occasion \u00e0 Henri Lamy de s'exprimer en direct devant un public, en m\u00ealant peinture et performance sc\u00e9nique.<\/p>\t\t\t\t<\/div>\n\t\t\t\t<\/div>\n\t\t\t\t\t<\/div>\n\t\t<\/div>\n\t\t\t\t<div class=\"elementor-column elementor-col-50 elementor-inner-column elementor-element elementor-element-4af3fe9\" data-id=\"4af3fe9\" data-element_type=\"column\" data-e-type=\"column\">\n\t\t\t<div class=\"elementor-widget-wrap elementor-element-populated\">\n\t\t\t\t\t\t<div class=\"elementor-element elementor-element-6ab2434 elementor-widget elementor-widget-video\" data-id=\"6ab2434\" data-element_type=\"widget\" data-e-type=\"widget\" data-settings=\"{&quot;youtube_url&quot;:&quot;https:\\\/\\\/www.youtube.com\\\/watch?v=_-TLesU6rQs&amp;ab_channel=HenriLamy&quot;,&quot;video_type&quot;:&quot;youtube&quot;}\" data-widget_type=\"video.default\">\n\t\t\t\t<div class=\"elementor-widget-container\">\n\t\t\t\t\t\t\t<div class=\"elementor-wrapper elementor-open-inline\">\n\t\t\t<div class=\"elementor-video\"><\/div>\t\t<\/div>\n\t\t\t\t\t\t<\/div>\n\t\t\t\t<\/div>\n\t\t\t\t\t<\/div>\n\t\t<\/div>\n\t\t\t\t\t<\/div>\n\t\t<\/section>\n\t\t\t\t\t<\/div>\n\t\t<\/div>\n\t\t\t\t\t<\/div>\n\t\t<\/section>\n\t\t\t\t<section class=\"elementor-section elementor-top-section elementor-element elementor-element-1ecd64d elementor-section-boxed elementor-section-height-default elementor-section-height-default\" data-id=\"1ecd64d\" data-element_type=\"section\" data-e-type=\"section\" data-settings=\"{&quot;background_background&quot;:&quot;classic&quot;}\">\n\t\t\t\t\t\t<div class=\"elementor-container elementor-column-gap-no\">\n\t\t\t\t\t<div class=\"elementor-column elementor-col-100 elementor-top-column elementor-element elementor-element-0a30066\" data-id=\"0a30066\" data-element_type=\"column\" data-e-type=\"column\">\n\t\t\t<div class=\"elementor-widget-wrap elementor-element-populated\">\n\t\t\t\t\t\t<section class=\"elementor-section elementor-inner-section elementor-element elementor-element-4c02a4b elementor-section-boxed elementor-section-height-default elementor-section-height-default\" data-id=\"4c02a4b\" data-element_type=\"section\" data-e-type=\"section\">\n\t\t\t\t\t\t<div class=\"elementor-container elementor-column-gap-default\">\n\t\t\t\t\t<div class=\"elementor-column elementor-col-100 elementor-inner-column elementor-element elementor-element-025e6fc\" data-id=\"025e6fc\" data-element_type=\"column\" data-e-type=\"column\">\n\t\t\t<div class=\"elementor-widget-wrap elementor-element-populated\">\n\t\t\t\t\t\t<div class=\"elementor-element elementor-element-b1962bc elementor-widget elementor-widget-heading\" data-id=\"b1962bc\" data-element_type=\"widget\" data-e-type=\"widget\" data-widget_type=\"heading.default\">\n\t\t\t\t<div class=\"elementor-widget-container\">\n\t\t\t\t\t<p class=\"elementor-heading-title elementor-size-default\">En 2014, Henri re\u0301unit ses deux passions et expe\u0301rimente une nouvelle forme d\u2019expression corporelle : la capoeira-painting. Cette dernie\u0300re vise a\u0300 unir un art martial, qui met en sce\u0300ne l\u2019interaction et le jeux entre deux individus, avec le trajet ale\u0301atoire de la peinture dans l\u2019espace. Via ses performances explosives, l\u2019artiste se de\u0301tache du figuratif pour ainsi laisser place au mouvement.<\/p>\t\t\t\t<\/div>\n\t\t\t\t<\/div>\n\t\t\t\t\t<\/div>\n\t\t<\/div>\n\t\t\t\t\t<\/div>\n\t\t<\/section>\n\t\t\t\t<section class=\"elementor-section elementor-inner-section elementor-element elementor-element-e337065 elementor-section-boxed elementor-section-height-default elementor-section-height-default\" data-id=\"e337065\" data-element_type=\"section\" data-e-type=\"section\">\n\t\t\t\t\t\t<div class=\"elementor-container elementor-column-gap-default\">\n\t\t\t\t\t<div class=\"elementor-column elementor-col-100 elementor-inner-column elementor-element elementor-element-267b0bf\" data-id=\"267b0bf\" data-element_type=\"column\" data-e-type=\"column\">\n\t\t\t<div class=\"elementor-widget-wrap elementor-element-populated\">\n\t\t\t\t\t\t<div class=\"elementor-element elementor-element-d3cb1a1 elementor-widget elementor-widget-video\" data-id=\"d3cb1a1\" data-element_type=\"widget\" data-e-type=\"widget\" data-settings=\"{&quot;youtube_url&quot;:&quot;https:\\\/\\\/www.youtube.com\\\/watch?v=DC7Naa2edNI&amp;feature=youtu.be&quot;,&quot;video_type&quot;:&quot;youtube&quot;}\" data-widget_type=\"video.default\">\n\t\t\t\t<div class=\"elementor-widget-container\">\n\t\t\t\t\t\t\t<div class=\"elementor-wrapper elementor-open-inline\">\n\t\t\t<div class=\"elementor-video\"><\/div>\t\t<\/div>\n\t\t\t\t\t\t<\/div>\n\t\t\t\t<\/div>\n\t\t\t\t\t<\/div>\n\t\t<\/div>\n\t\t\t\t\t<\/div>\n\t\t<\/section>\n\t\t\t\t\t<\/div>\n\t\t<\/div>\n\t\t\t\t\t<\/div>\n\t\t<\/section>\n\t\t\t\t<section class=\"elementor-section elementor-top-section elementor-element elementor-element-4441119 elementor-section-boxed elementor-section-height-default elementor-section-height-default\" data-id=\"4441119\" data-element_type=\"section\" data-e-type=\"section\" data-settings=\"{&quot;background_background&quot;:&quot;classic&quot;}\">\n\t\t\t\t\t\t<div class=\"elementor-container elementor-column-gap-no\">\n\t\t\t\t\t<div class=\"elementor-column elementor-col-100 elementor-top-column elementor-element elementor-element-5598a89\" data-id=\"5598a89\" data-element_type=\"column\" data-e-type=\"column\">\n\t\t\t<div class=\"elementor-widget-wrap elementor-element-populated\">\n\t\t\t\t\t\t<section class=\"elementor-section elementor-inner-section elementor-element elementor-element-14f2020 elementor-section-boxed elementor-section-height-default elementor-section-height-default\" data-id=\"14f2020\" data-element_type=\"section\" data-e-type=\"section\">\n\t\t\t\t\t\t<div class=\"elementor-container elementor-column-gap-default\">\n\t\t\t\t\t<div class=\"elementor-column elementor-col-100 elementor-inner-column elementor-element elementor-element-32957ce\" data-id=\"32957ce\" data-element_type=\"column\" data-e-type=\"column\">\n\t\t\t<div class=\"elementor-widget-wrap elementor-element-populated\">\n\t\t\t\t\t\t<div class=\"elementor-element elementor-element-c99ef3d elementor-widget elementor-widget-heading\" data-id=\"c99ef3d\" data-element_type=\"widget\" data-e-type=\"widget\" data-widget_type=\"heading.default\">\n\t\t\t\t<div class=\"elementor-widget-container\">\n\t\t\t\t\t<p class=\"elementor-heading-title elementor-size-default\">La capoeira-painting est \u00e9galement une forme d'expression qu'Henri transmet aux enfants via des ateliers participatifs. Depuis 2016, il conduit r\u00e9guli\u00e8rement des ateliers pour diverses associations philippines (Museo Pambata et Stairway Foundation). Ces ateliers sont accompagn\u00e9s d'expositions dont la moiti\u00e9 des recettes sont revers\u00e9es aux structures.\n<\/p>\t\t\t\t<\/div>\n\t\t\t\t<\/div>\n\t\t\t\t\t<\/div>\n\t\t<\/div>\n\t\t\t\t\t<\/div>\n\t\t<\/section>\n\t\t\t\t<section class=\"elementor-section elementor-inner-section elementor-element elementor-element-12bda7d elementor-section-boxed elementor-section-height-default elementor-section-height-default\" data-id=\"12bda7d\" data-element_type=\"section\" data-e-type=\"section\">\n\t\t\t\t\t\t<div class=\"elementor-container elementor-column-gap-default\">\n\t\t\t\t\t<div class=\"elementor-column elementor-col-100 elementor-inner-column elementor-element elementor-element-f79ee05\" data-id=\"f79ee05\" data-element_type=\"column\" data-e-type=\"column\">\n\t\t\t<div class=\"elementor-widget-wrap elementor-element-populated\">\n\t\t\t\t\t\t<div class=\"elementor-element elementor-element-f0d36c2 elementor-widget elementor-widget-video\" data-id=\"f0d36c2\" data-element_type=\"widget\" data-e-type=\"widget\" data-settings=\"{&quot;youtube_url&quot;:&quot;https:\\\/\\\/www.youtube.com\\\/watch?v=ySbgIKUsfFo&amp;feature=youtu.be&quot;,&quot;video_type&quot;:&quot;youtube&quot;}\" data-widget_type=\"video.default\">\n\t\t\t\t<div class=\"elementor-widget-container\">\n\t\t\t\t\t\t\t<div class=\"elementor-wrapper elementor-open-inline\">\n\t\t\t<div class=\"elementor-video\"><\/div>\t\t<\/div>\n\t\t\t\t\t\t<\/div>\n\t\t\t\t<\/div>\n\t\t\t\t\t<\/div>\n\t\t<\/div>\n\t\t\t\t\t<\/div>\n\t\t<\/section>\n\t\t\t\t\t<\/div>\n\t\t<\/div>\n\t\t\t\t\t<\/div>\n\t\t<\/section>\n\t\t\t\t<section class=\"elementor-section elementor-top-section elementor-element elementor-element-2c71f0c elementor-section-boxed elementor-section-height-default elementor-section-height-default\" data-id=\"2c71f0c\" data-element_type=\"section\" data-e-type=\"section\" data-settings=\"{&quot;background_background&quot;:&quot;classic&quot;}\">\n\t\t\t\t\t\t<div class=\"elementor-container elementor-column-gap-no\">\n\t\t\t\t\t<div class=\"elementor-column elementor-col-100 elementor-top-column elementor-element elementor-element-c9567d7\" data-id=\"c9567d7\" data-element_type=\"column\" data-e-type=\"column\">\n\t\t\t<div class=\"elementor-widget-wrap elementor-element-populated\">\n\t\t\t\t\t\t<section class=\"elementor-section elementor-inner-section elementor-element elementor-element-8e19fcd elementor-section-boxed elementor-section-height-default elementor-section-height-default\" data-id=\"8e19fcd\" data-element_type=\"section\" data-e-type=\"section\">\n\t\t\t\t\t\t<div class=\"elementor-container elementor-column-gap-default\">\n\t\t\t\t\t<div class=\"elementor-column elementor-col-50 elementor-inner-column elementor-element elementor-element-b6c323e\" data-id=\"b6c323e\" data-element_type=\"column\" data-e-type=\"column\">\n\t\t\t<div class=\"elementor-widget-wrap elementor-element-populated\">\n\t\t\t\t\t\t<div class=\"elementor-element elementor-element-a8615e2 elementor-widget elementor-widget-heading\" data-id=\"a8615e2\" data-element_type=\"widget\" data-e-type=\"widget\" data-widget_type=\"heading.default\">\n\t\t\t\t<div class=\"elementor-widget-container\">\n\t\t\t\t\t<p class=\"elementor-heading-title elementor-size-default\">En 2017, l'artiste s'ouvre \u00e0 la danse contemporaine avec la cr\u00e9ation du spectacle pluridisciplinaire \"Linya\", en collaboration avec la grande chor\u00e9graphe philippine Elizabeth Roxas-Dobrish (bas\u00e9e \u00e0 New York).<\/p>\t\t\t\t<\/div>\n\t\t\t\t<\/div>\n\t\t\t\t<div class=\"elementor-element elementor-element-bbe8d62 elementor-align-right elementor-widget elementor-widget-button\" data-id=\"bbe8d62\" data-element_type=\"widget\" data-e-type=\"widget\" data-widget_type=\"button.default\">\n\t\t\t\t<div class=\"elementor-widget-container\">\n\t\t\t\t\t\t\t\t\t<div class=\"elementor-button-wrapper\">\n\t\t\t\t\t<a class=\"elementor-button elementor-button-link elementor-size-md\" href=\"https:\/\/henrilamy.com\/fr\/linya-art-danse\/\">\n\t\t\t\t\t\t<span class=\"elementor-button-content-wrapper\">\n\t\t\t\t\t\t\t\t\t<span class=\"elementor-button-text\">En savoir plus<\/span>\n\t\t\t\t\t<\/span>\n\t\t\t\t\t<\/a>\n\t\t\t\t<\/div>\n\t\t\t\t\t\t\t\t<\/div>\n\t\t\t\t<\/div>\n\t\t\t\t\t<\/div>\n\t\t<\/div>\n\t\t\t\t<div class=\"elementor-column elementor-col-50 elementor-inner-column elementor-element elementor-element-c3dd26c\" data-id=\"c3dd26c\" data-element_type=\"column\" data-e-type=\"column\">\n\t\t\t<div class=\"elementor-widget-wrap elementor-element-populated\">\n\t\t\t\t\t\t<div class=\"elementor-element elementor-element-32de62b elementor-widget elementor-widget-video\" data-id=\"32de62b\" data-element_type=\"widget\" data-e-type=\"widget\" data-settings=\"{&quot;youtube_url&quot;:&quot;https:\\\/\\\/www.youtube.com\\\/watch?v=3sbf0fdhQ70&amp;feature=youtu.be&amp;ab_channel=HenriLamy&quot;,&quot;video_type&quot;:&quot;youtube&quot;}\" data-widget_type=\"video.default\">\n\t\t\t\t<div class=\"elementor-widget-container\">\n\t\t\t\t\t\t\t<div class=\"elementor-wrapper elementor-open-inline\">\n\t\t\t<div class=\"elementor-video\"><\/div>\t\t<\/div>\n\t\t\t\t\t\t<\/div>\n\t\t\t\t<\/div>\n\t\t\t\t\t<\/div>\n\t\t<\/div>\n\t\t\t\t\t<\/div>\n\t\t<\/section>\n\t\t\t\t\t<\/div>\n\t\t<\/div>\n\t\t\t\t\t<\/div>\n\t\t<\/section>\n\t\t\t\t<\/div>\n\t\t","protected":false},"excerpt":{"rendered":"<p>PERFORMANCES Prolongement naturel de son art sur toile, la capoera-painting donne l&rsquo;occasion \u00e0 Henri Lamy de s&rsquo;exprimer en direct devant un public, en m\u00ealant peinture et performance sc\u00e9nique. En 2014, Henri re\u0301unit ses deux passions et expe\u0301rimente une nouvelle forme d\u2019expression corporelle : la capoeira-painting. Cette dernie\u0300re vise a\u0300 unir un art martial, qui met [&hellip;]<\/p>\n","protected":false},"author":2,"featured_media":0,"parent":0,"menu_order":0,"comment_status":"closed","ping_status":"closed","template":"","meta":{"footnotes":""},"class_list":["post-178","page","type-page","status-publish","hentry"],"yoast_head":"<!-- This site is optimized with the Yoast SEO plugin v27.4 - https:\/\/yoast.com\/product\/yoast-seo-wordpress\/ -->\n<title>Performances - Henri Lamy \u2022 Peintre | Performeur<\/title>\n<meta name=\"robots\" content=\"index, follow, max-snippet:-1, max-image-preview:large, max-video-preview:-1\" \/>\n<link rel=\"canonical\" href=\"https:\/\/henrilamy.com\/fr\/performances\/\" \/>\n<meta property=\"og:locale\" content=\"fr_FR\" \/>\n<meta property=\"og:type\" content=\"article\" \/>\n<meta property=\"og:title\" content=\"Performances - Henri Lamy \u2022 Peintre | Performeur\" \/>\n<meta property=\"og:description\" content=\"PERFORMANCES Prolongement naturel de son art sur toile, la capoera-painting donne l&rsquo;occasion \u00e0 Henri Lamy de s&rsquo;exprimer en direct devant un public, en m\u00ealant peinture et performance sc\u00e9nique. En 2014, Henri re\u0301unit ses deux passions et expe\u0301rimente une nouvelle forme d\u2019expression corporelle : la capoeira-painting. Cette dernie\u0300re vise a\u0300 unir un art martial, qui met [&hellip;]\" \/>\n<meta property=\"og:url\" content=\"https:\/\/henrilamy.com\/fr\/performances\/\" \/>\n<meta property=\"og:site_name\" content=\"Henri Lamy \u2022 Peintre | Performeur\" \/>\n<meta property=\"article:modified_time\" content=\"2021-01-25T05:31:30+00:00\" \/>\n<meta name=\"twitter:card\" content=\"summary_large_image\" \/>\n<meta name=\"twitter:label1\" content=\"Dur\u00e9e de lecture estim\u00e9e\" \/>\n\t<meta name=\"twitter:data1\" content=\"1 minute\" \/>\n<script type=\"application\/ld+json\" class=\"yoast-schema-graph\">{\"@context\":\"https:\\\/\\\/schema.org\",\"@graph\":[{\"@type\":\"WebPage\",\"@id\":\"https:\\\/\\\/henrilamy.com\\\/fr\\\/performances\\\/\",\"url\":\"https:\\\/\\\/henrilamy.com\\\/fr\\\/performances\\\/\",\"name\":\"Performances - Henri Lamy \u2022 Peintre | Performeur\",\"isPartOf\":{\"@id\":\"https:\\\/\\\/henrilamy.com\\\/fr\\\/#website\"},\"datePublished\":\"2021-01-14T17:52:50+00:00\",\"dateModified\":\"2021-01-25T05:31:30+00:00\",\"breadcrumb\":{\"@id\":\"https:\\\/\\\/henrilamy.com\\\/fr\\\/performances\\\/#breadcrumb\"},\"inLanguage\":\"fr-FR\",\"potentialAction\":[{\"@type\":\"ReadAction\",\"target\":[\"https:\\\/\\\/henrilamy.com\\\/fr\\\/performances\\\/\"]}]},{\"@type\":\"BreadcrumbList\",\"@id\":\"https:\\\/\\\/henrilamy.com\\\/fr\\\/performances\\\/#breadcrumb\",\"itemListElement\":[{\"@type\":\"ListItem\",\"position\":1,\"name\":\"Home\",\"item\":\"https:\\\/\\\/henrilamy.com\\\/fr\\\/\"},{\"@type\":\"ListItem\",\"position\":2,\"name\":\"Performances\"}]},{\"@type\":\"WebSite\",\"@id\":\"https:\\\/\\\/henrilamy.com\\\/fr\\\/#website\",\"url\":\"https:\\\/\\\/henrilamy.com\\\/fr\\\/\",\"name\":\"Henri Lamy \u2022 Peintre | Performeur\",\"description\":\"\",\"publisher\":{\"@id\":\"https:\\\/\\\/henrilamy.com\\\/fr\\\/#organization\"},\"potentialAction\":[{\"@type\":\"SearchAction\",\"target\":{\"@type\":\"EntryPoint\",\"urlTemplate\":\"https:\\\/\\\/henrilamy.com\\\/fr\\\/?s={search_term_string}\"},\"query-input\":{\"@type\":\"PropertyValueSpecification\",\"valueRequired\":true,\"valueName\":\"search_term_string\"}}],\"inLanguage\":\"fr-FR\"},{\"@type\":\"Organization\",\"@id\":\"https:\\\/\\\/henrilamy.com\\\/fr\\\/#organization\",\"name\":\"Henri Lamy \u2022 Peintre | Performeur\",\"url\":\"https:\\\/\\\/henrilamy.com\\\/fr\\\/\",\"logo\":{\"@type\":\"ImageObject\",\"inLanguage\":\"fr-FR\",\"@id\":\"https:\\\/\\\/henrilamy.com\\\/fr\\\/#\\\/schema\\\/logo\\\/image\\\/\",\"url\":\"https:\\\/\\\/henrilamy.com\\\/wp-content\\\/uploads\\\/2021\\\/01\\\/bannie\u0300re-henri-lamy.png\",\"contentUrl\":\"https:\\\/\\\/henrilamy.com\\\/wp-content\\\/uploads\\\/2021\\\/01\\\/bannie\u0300re-henri-lamy.png\",\"width\":1080,\"height\":180,\"caption\":\"Henri Lamy \u2022 Peintre | Performeur\"},\"image\":{\"@id\":\"https:\\\/\\\/henrilamy.com\\\/fr\\\/#\\\/schema\\\/logo\\\/image\\\/\"}}]}<\/script>\n<!-- \/ Yoast SEO plugin. -->","yoast_head_json":{"title":"Performances - Henri Lamy \u2022 Peintre | Performeur","robots":{"index":"index","follow":"follow","max-snippet":"max-snippet:-1","max-image-preview":"max-image-preview:large","max-video-preview":"max-video-preview:-1"},"canonical":"https:\/\/henrilamy.com\/fr\/performances\/","og_locale":"fr_FR","og_type":"article","og_title":"Performances - Henri Lamy \u2022 Peintre | Performeur","og_description":"PERFORMANCES Prolongement naturel de son art sur toile, la capoera-painting donne l&rsquo;occasion \u00e0 Henri Lamy de s&rsquo;exprimer en direct devant un public, en m\u00ealant peinture et performance sc\u00e9nique. En 2014, Henri re\u0301unit ses deux passions et expe\u0301rimente une nouvelle forme d\u2019expression corporelle : la capoeira-painting. Cette dernie\u0300re vise a\u0300 unir un art martial, qui met [&hellip;]","og_url":"https:\/\/henrilamy.com\/fr\/performances\/","og_site_name":"Henri Lamy \u2022 Peintre | Performeur","article_modified_time":"2021-01-25T05:31:30+00:00","twitter_card":"summary_large_image","twitter_misc":{"Dur\u00e9e de lecture estim\u00e9e":"1 minute"},"schema":{"@context":"https:\/\/schema.org","@graph":[{"@type":"WebPage","@id":"https:\/\/henrilamy.com\/fr\/performances\/","url":"https:\/\/henrilamy.com\/fr\/performances\/","name":"Performances - Henri Lamy \u2022 Peintre | Performeur","isPartOf":{"@id":"https:\/\/henrilamy.com\/fr\/#website"},"datePublished":"2021-01-14T17:52:50+00:00","dateModified":"2021-01-25T05:31:30+00:00","breadcrumb":{"@id":"https:\/\/henrilamy.com\/fr\/performances\/#breadcrumb"},"inLanguage":"fr-FR","potentialAction":[{"@type":"ReadAction","target":["https:\/\/henrilamy.com\/fr\/performances\/"]}]},{"@type":"BreadcrumbList","@id":"https:\/\/henrilamy.com\/fr\/performances\/#breadcrumb","itemListElement":[{"@type":"ListItem","position":1,"name":"Home","item":"https:\/\/henrilamy.com\/fr\/"},{"@type":"ListItem","position":2,"name":"Performances"}]},{"@type":"WebSite","@id":"https:\/\/henrilamy.com\/fr\/#website","url":"https:\/\/henrilamy.com\/fr\/","name":"Henri Lamy \u2022 Peintre | Performeur","description":"","publisher":{"@id":"https:\/\/henrilamy.com\/fr\/#organization"},"potentialAction":[{"@type":"SearchAction","target":{"@type":"EntryPoint","urlTemplate":"https:\/\/henrilamy.com\/fr\/?s={search_term_string}"},"query-input":{"@type":"PropertyValueSpecification","valueRequired":true,"valueName":"search_term_string"}}],"inLanguage":"fr-FR"},{"@type":"Organization","@id":"https:\/\/henrilamy.com\/fr\/#organization","name":"Henri Lamy \u2022 Peintre | Performeur","url":"https:\/\/henrilamy.com\/fr\/","logo":{"@type":"ImageObject","inLanguage":"fr-FR","@id":"https:\/\/henrilamy.com\/fr\/#\/schema\/logo\/image\/","url":"https:\/\/henrilamy.com\/wp-content\/uploads\/2021\/01\/bannie\u0300re-henri-lamy.png","contentUrl":"https:\/\/henrilamy.com\/wp-content\/uploads\/2021\/01\/bannie\u0300re-henri-lamy.png","width":1080,"height":180,"caption":"Henri Lamy \u2022 Peintre | Performeur"},"image":{"@id":"https:\/\/henrilamy.com\/fr\/#\/schema\/logo\/image\/"}}]}},"_links":{"self":[{"href":"https:\/\/henrilamy.com\/fr\/wp-json\/wp\/v2\/pages\/178","targetHints":{"allow":["GET"]}}],"collection":[{"href":"https:\/\/henrilamy.com\/fr\/wp-json\/wp\/v2\/pages"}],"about":[{"href":"https:\/\/henrilamy.com\/fr\/wp-json\/wp\/v2\/types\/page"}],"author":[{"embeddable":true,"href":"https:\/\/henrilamy.com\/fr\/wp-json\/wp\/v2\/users\/2"}],"replies":[{"embeddable":true,"href":"https:\/\/henrilamy.com\/fr\/wp-json\/wp\/v2\/comments?post=178"}],"version-history":[{"count":40,"href":"https:\/\/henrilamy.com\/fr\/wp-json\/wp\/v2\/pages\/178\/revisions"}],"predecessor-version":[{"id":1632,"href":"https:\/\/henrilamy.com\/fr\/wp-json\/wp\/v2\/pages\/178\/revisions\/1632"}],"wp:attachment":[{"href":"https:\/\/henrilamy.com\/fr\/wp-json\/wp\/v2\/media?parent=178"}],"curies":[{"name":"wp","href":"https:\/\/api.w.org\/{rel}","templated":true}]}}