{"id":172,"date":"2021-01-14T18:51:34","date_gmt":"2021-01-14T17:51:34","guid":{"rendered":"https:\/\/henrilamy.com\/?page_id=172"},"modified":"2021-05-13T15:07:20","modified_gmt":"2021-05-13T13:07:20","slug":"a-propos","status":"publish","type":"page","link":"https:\/\/henrilamy.com\/fr\/a-propos\/","title":{"rendered":"\u00c0 propos"},"content":{"rendered":"\t\t<div data-elementor-type=\"wp-page\" data-elementor-id=\"172\" class=\"elementor elementor-172\" data-elementor-post-type=\"page\">\n\t\t\t\t\t\t<section class=\"elementor-section elementor-top-section elementor-element elementor-element-2f2e185 elementor-section-full_width elementor-section-height-default elementor-section-height-default\" data-id=\"2f2e185\" data-element_type=\"section\" data-e-type=\"section\" data-settings=\"{&quot;background_background&quot;:&quot;classic&quot;}\">\n\t\t\t\t\t\t<div class=\"elementor-container elementor-column-gap-no\">\n\t\t\t\t\t<div class=\"elementor-column elementor-col-100 elementor-top-column elementor-element elementor-element-88fd3c8\" data-id=\"88fd3c8\" data-element_type=\"column\" data-e-type=\"column\">\n\t\t\t<div class=\"elementor-widget-wrap elementor-element-populated\">\n\t\t\t\t\t\t<section class=\"elementor-section elementor-inner-section elementor-element elementor-element-2bb71b1 elementor-section-full_width elementor-section-height-default elementor-section-height-default\" data-id=\"2bb71b1\" data-element_type=\"section\" data-e-type=\"section\">\n\t\t\t\t\t\t<div class=\"elementor-container elementor-column-gap-default\">\n\t\t\t\t\t<div class=\"elementor-column elementor-col-100 elementor-inner-column elementor-element elementor-element-aca9da1\" data-id=\"aca9da1\" data-element_type=\"column\" data-e-type=\"column\">\n\t\t\t<div class=\"elementor-widget-wrap elementor-element-populated\">\n\t\t\t\t\t\t<div class=\"elementor-element elementor-element-0fd4d11 elementor-widget elementor-widget-image\" data-id=\"0fd4d11\" data-element_type=\"widget\" data-e-type=\"widget\" data-widget_type=\"image.default\">\n\t\t\t\t<div class=\"elementor-widget-container\">\n\t\t\t\t\t\t\t\t\t\t\t\t\t\t\t<img fetchpriority=\"high\" decoding=\"async\" width=\"1440\" height=\"717\" src=\"https:\/\/henrilamy.com\/wp-content\/uploads\/2021\/01\/Henri-noir-et-blanc-Credit-Sarah-Mangeret.jpg\" class=\"attachment-full size-full wp-image-1206\" alt=\"\" srcset=\"https:\/\/henrilamy.com\/wp-content\/uploads\/2021\/01\/Henri-noir-et-blanc-Credit-Sarah-Mangeret.jpg 1440w, https:\/\/henrilamy.com\/wp-content\/uploads\/2021\/01\/Henri-noir-et-blanc-Credit-Sarah-Mangeret-300x149.jpg 300w, https:\/\/henrilamy.com\/wp-content\/uploads\/2021\/01\/Henri-noir-et-blanc-Credit-Sarah-Mangeret-1024x510.jpg 1024w, https:\/\/henrilamy.com\/wp-content\/uploads\/2021\/01\/Henri-noir-et-blanc-Credit-Sarah-Mangeret-768x382.jpg 768w\" sizes=\"(max-width: 1440px) 100vw, 1440px\" \/>\t\t\t\t\t\t\t\t\t\t\t\t\t\t\t<\/div>\n\t\t\t\t<\/div>\n\t\t\t\t\t<\/div>\n\t\t<\/div>\n\t\t\t\t\t<\/div>\n\t\t<\/section>\n\t\t\t\t\t<\/div>\n\t\t<\/div>\n\t\t\t\t\t<\/div>\n\t\t<\/section>\n\t\t\t\t<section class=\"elementor-section elementor-top-section elementor-element elementor-element-652098c elementor-section-boxed elementor-section-height-default elementor-section-height-default\" data-id=\"652098c\" data-element_type=\"section\" data-e-type=\"section\" data-settings=\"{&quot;background_background&quot;:&quot;classic&quot;}\">\n\t\t\t\t\t\t<div class=\"elementor-container elementor-column-gap-no\">\n\t\t\t\t\t<div class=\"elementor-column elementor-col-100 elementor-top-column elementor-element elementor-element-8a9398c\" data-id=\"8a9398c\" data-element_type=\"column\" data-e-type=\"column\">\n\t\t\t<div class=\"elementor-widget-wrap elementor-element-populated\">\n\t\t\t\t\t\t<section class=\"elementor-section elementor-inner-section elementor-element elementor-element-bf98cca elementor-section-full_width elementor-section-height-default elementor-section-height-default\" data-id=\"bf98cca\" data-element_type=\"section\" data-e-type=\"section\">\n\t\t\t\t\t\t<div class=\"elementor-container elementor-column-gap-default\">\n\t\t\t\t\t<div class=\"elementor-column elementor-col-100 elementor-inner-column elementor-element elementor-element-85f3f7f\" data-id=\"85f3f7f\" data-element_type=\"column\" data-e-type=\"column\">\n\t\t\t<div class=\"elementor-widget-wrap elementor-element-populated\">\n\t\t\t\t\t\t<div class=\"elementor-element elementor-element-6777939 elementor-widget elementor-widget-heading\" data-id=\"6777939\" data-element_type=\"widget\" data-e-type=\"widget\" data-widget_type=\"heading.default\">\n\t\t\t\t<div class=\"elementor-widget-container\">\n\t\t\t\t\t<h1 class=\"elementor-heading-title elementor-size-default\">\u00c0 PROPOS<\/h1>\t\t\t\t<\/div>\n\t\t\t\t<\/div>\n\t\t\t\t<div class=\"elementor-element elementor-element-273d058 elementor-widget elementor-widget-heading\" data-id=\"273d058\" data-element_type=\"widget\" data-e-type=\"widget\" data-widget_type=\"heading.default\">\n\t\t\t\t<div class=\"elementor-widget-container\">\n\t\t\t\t\t<p class=\"elementor-heading-title elementor-size-default\">Henri Lamy est un artiste peintre et performeur, n\u00e9 en 1985 \u00e0 Lyon. Il vit et travaille entre la France et les Philippines.<\/p>\t\t\t\t<\/div>\n\t\t\t\t<\/div>\n\t\t\t\t<div class=\"elementor-element elementor-element-995f59b elementor-widget elementor-widget-text-editor\" data-id=\"995f59b\" data-element_type=\"widget\" data-e-type=\"widget\" data-widget_type=\"text-editor.default\">\n\t\t\t\t<div class=\"elementor-widget-container\">\n\t\t\t\t\t\t\t\t\t<p>Photo \u00a9 Sarah Mangeret<\/p>\t\t\t\t\t\t\t\t<\/div>\n\t\t\t\t<\/div>\n\t\t\t\t<div class=\"elementor-element elementor-element-edcf5ca elementor-widget elementor-widget-text-editor\" data-id=\"edcf5ca\" data-element_type=\"widget\" data-e-type=\"widget\" data-widget_type=\"text-editor.default\">\n\t\t\t\t<div class=\"elementor-widget-container\">\n\t\t\t\t\t\t\t\t\t<div class=\"page\" title=\"Page 3\"><div class=\"layoutArea\"><div class=\"column\"><p>Henri Lamy, ne\u0301 en 1985, est un artiste franc\u0327ais base\u0301 entre Lyon (France) et Manille (Philippines). Se\u0301duit par l\u2019imme\u0301diatete\u0301 et la spontane\u0301ite\u0301 de l\u2019acrylique, la qualite\u0301 de son travail est mise en valeur par les couleurs vives et expressives de ses compositions, ainsi que l\u2019utilisation du couteau. Initie\u0301 tre\u0300s jeune par son pe\u0300re, Henri est un admirateur de Pollock et du \u00ab dripping \u00bb.<\/p><p>En 2014, Henri re\u0301uni ses deux passions et expe\u0301rimente une nouvelle forme d\u2019expression corporelle : la capoeira-painting. Cette dernie\u0300re vise a\u0300 unir un art martial, qui met en sce\u0300ne l\u2019interaction et le jeu entre deux individus, avec le trajet ale\u0301atoire de la peinture dans l\u2019espace. Via ses performances explosives, l\u2019artiste se de\u0301tache du figuratif pour ainsi laisser place au mouvement.<\/p><p>En 2015, il co-fonde avec Mai\u0308a d\u2019Aboville la Taverne Gutenberg, une re\u0301sidence artistique en plein c\u0153ur de Lyon qui compte a\u0300 ce jour plus de 40 000 visiteurs. La mission principale de l\u2019association est de promouvoir la jeune cre\u0301ation et casser les codes qui existent entre l\u2019artiste, le public et la galerie. L\u2019humain est au c\u0153ur : la Taverne Gutenberg devient un lieu d\u2019e\u0301changes et de rencontres.<\/p><p>En 2017 il co-fonde la premie\u0300re extension internationale de la Taverne Gutenberg a\u0300 Manille, Philippines, dont la mission principale est l\u2019utilisation de l\u2019art comme vecteur social. Henri Lamy et Mai\u0308a d\u2019Aboville envoient six artistes aux Philippines pour donner une se\u0301rie d\u2019ateliers a\u0300 des enfants issus de fondations telles que Virlanie, Project Pearls et Stairway Foundation. Pendant une anne\u0301e, e\u0301ve\u0301nements publics, performances et expositions sont cre\u0301e\u0301s avec des partenaires et galeries locaux.<\/p><p>Accorder du r\u00eave et de la beaut\u00e9 dans la futilit\u00e9 et dans les actions du quotidien. Des moments qui paraissent \u00e0 premi\u00e8re vue sans importance sont captur\u00e9s avec un regard neuf et sublim\u00e9s.<\/p><p>Henri laisse une grande place \u00e0 l\u2019accident, \u00e0 l\u2019impr\u00e9vu.<\/p><p>Libert\u00e9 des techniques, des rencontres, des voyages, du mouvement. C\u2019est l\u00e0 o\u00f9 ses deux pratiques d\u2019artiste peintre et de performeur se retrouvent.<\/p><p>L\u2019amour qu\u2019e\u0301prouve Henri pour les langues et la de\u0301couverte de nouvelles cultures le pousse a\u0300 voyager et documenter ses rencontres en photographies, qu\u2019il de\u0301peint ensuite en portraits et sce\u0300nes re\u0301imagine\u0301es. Les valeurs des diffe\u0301rentes actions propulse\u0301es par l\u2019artiste se retrouvent dans son travail, ou\u0300 l\u2019humain est au centre de tout.<\/p><\/div><\/div><\/div>\t\t\t\t\t\t\t\t<\/div>\n\t\t\t\t<\/div>\n\t\t\t\t<div class=\"elementor-element elementor-element-cd313d7 elementor-widget elementor-widget-accordion\" data-id=\"cd313d7\" data-element_type=\"widget\" data-e-type=\"widget\" data-widget_type=\"accordion.default\">\n\t\t\t\t<div class=\"elementor-widget-container\">\n\t\t\t\t\t\t\t<div class=\"elementor-accordion\">\n\t\t\t\t\t\t\t<div class=\"elementor-accordion-item\">\n\t\t\t\t\t<div id=\"elementor-tab-title-2151\" class=\"elementor-tab-title\" data-tab=\"1\" role=\"button\" aria-controls=\"elementor-tab-content-2151\" aria-expanded=\"false\">\n\t\t\t\t\t\t\t\t\t\t\t\t\t<span class=\"elementor-accordion-icon elementor-accordion-icon-right\" aria-hidden=\"true\">\n\t\t\t\t\t\t\t\t\t\t\t\t\t\t\t<span class=\"elementor-accordion-icon-closed\"><svg class=\"e-font-icon-svg e-fas-plus\" viewBox=\"0 0 448 512\" xmlns=\"http:\/\/www.w3.org\/2000\/svg\"><path d=\"M416 208H272V64c0-17.67-14.33-32-32-32h-32c-17.67 0-32 14.33-32 32v144H32c-17.67 0-32 14.33-32 32v32c0 17.67 14.33 32 32 32h144v144c0 17.67 14.33 32 32 32h32c17.67 0 32-14.33 32-32V304h144c17.67 0 32-14.33 32-32v-32c0-17.67-14.33-32-32-32z\"><\/path><\/svg><\/span>\n\t\t\t\t\t\t\t\t<span class=\"elementor-accordion-icon-opened\"><svg class=\"e-font-icon-svg e-fas-minus\" viewBox=\"0 0 448 512\" xmlns=\"http:\/\/www.w3.org\/2000\/svg\"><path d=\"M416 208H32c-17.67 0-32 14.33-32 32v32c0 17.67 14.33 32 32 32h384c17.67 0 32-14.33 32-32v-32c0-17.67-14.33-32-32-32z\"><\/path><\/svg><\/span>\n\t\t\t\t\t\t\t\t\t\t\t\t\t\t<\/span>\n\t\t\t\t\t\t\t\t\t\t\t\t<a class=\"elementor-accordion-title\" tabindex=\"0\">EXHIBITS<\/a>\n\t\t\t\t\t<\/div>\n\t\t\t\t\t<div id=\"elementor-tab-content-2151\" class=\"elementor-tab-content elementor-clearfix\" data-tab=\"1\" role=\"region\" aria-labelledby=\"elementor-tab-title-2151\"><p><span style=\"color: var( --e-global-color-text ); font-family: var( --e-global-typography-text-font-family ), Sans-serif; font-size: var( --e-global-typography-text-font-size ); font-weight: bolder;\">2020<\/span><br>\u2014 Pour la beaut\u00e9 du geste, exposition collective, Les Halles du Faubourg, Lyon<br>\u2014 Linya, dance painting, chor\u00e9graphie de Elizabeth Roxas-Dobrish, Manila, Philippines<br><\/p>\n<p><span style=\"color: var( --e-global-color-text ); font-family: var( --e-global-typography-text-font-family ), Sans-serif; font-size: var( --e-global-typography-text-font-size ); font-weight: var( --e-global-typography-text-font-weight );\">\u2014 Les Ateliers d&rsquo;artistes, exposition collective, Le Cartel, Lyon, France<\/span><\/p>\n<p><strong style=\"color: var( --e-global-color-text ); font-family: var( --e-global-typography-text-font-family ), Sans-serif; font-size: var( --e-global-typography-text-font-size );\">2019<\/strong><span style=\"color: var( --e-global-color-text ); font-family: var( --e-global-typography-text-font-family ), Sans-serif; font-size: var( --e-global-typography-text-font-size ); font-weight: var( --e-global-typography-text-font-weight );\"><br><\/span><\/p>\n<p>\u2014 Exposition solo, G&amp;M design Gallery, Monaco<br>\u2014 Sapiens, exposition solo, Pinto Museum, Antipolo, Philippines<\/p>\n<p><strong>2018<br><\/strong>\u2014 The Naked Truth, Provenance Gallery, Manille, Philippines<br>\u2014 Performance de peinture et vente aux ench\u00e8res, Les Disciples d&rsquo;Escoffier, Hong Kong Convention Center, Hong Kong<br>\u2014 One &amp; Only Reethi Rah, r\u00e9sidence artistique, North Atol Mal\u00e9, Maldives<br>\u2014 R\u00e9sidence artistique, performance de capoeira painting exposition solo, Institut fran\u00e7ais de Cluj, Roumanie<br>\u2014&nbsp;Les Nouveaux Sauvages, exposition collective,&nbsp;Les Halles du Faubourg, Lyon, France<\/p>\n<p><span style=\"font-weight: bolder;\">2017<\/span><br>\u2013&nbsp;Ugnayan sa Poblacion, r\u00e9sidence artistique, Taverne Gutenberg &amp;&nbsp;ZHostel&nbsp;Manila, Philippines<br>\u2013&nbsp;Power, exposition solo,&nbsp;Qube Gallery, Cebu, Philippines<br>\u2013&nbsp;Figurations Nouvelles,&nbsp;<span style=\"color: var( --e-global-color-text ); font-family: var( --e-global-typography-text-font-family ), Sans-serif; font-size: var( --e-global-typography-text-font-size ); font-weight: var( --e-global-typography-text-font-weight );\">exposition collective<\/span><span style=\"color: var( --e-global-color-text ); font-family: var( --e-global-typography-text-font-family ), Sans-serif; font-size: var( --e-global-typography-text-font-size ); font-weight: var( --e-global-typography-text-font-weight );\">,&nbsp;59 Rivoli Gallery, Paris, France<\/span><\/p><p>\u2013&nbsp;Dans quel \u00e9tat j&rsquo;erre,&nbsp;<span style=\"color: var( --e-global-color-text ); font-family: var( --e-global-typography-text-font-family ), Sans-serif; font-size: var( --e-global-typography-text-font-size ); font-weight: var( --e-global-typography-text-font-weight );\">exposition solo<\/span><span style=\"color: var( --e-global-color-text ); font-family: var( --e-global-typography-text-font-family ), Sans-serif; font-size: var( --e-global-typography-text-font-size ); font-weight: var( --e-global-typography-text-font-weight );\">,&nbsp;Taverne Gutenberg, Lyon, France<\/span><\/p>\n<p><span style=\"font-weight: bolder;\">2016<\/span><br>\u2013 Charity Live Painting, Fondation Bergoni\u00e9, Bordeaux, France<br>\u2013 Exposition solo &amp; Performance de Capoeira Painting,&nbsp;SYP, Tokyo, Japan<br>\u2013 Exposition solo &amp; Performance de Capoeira Painting,&nbsp;Zava Gallery, Tokyo, Japan<\/p>\n<p><span style=\"font-weight: bolder;\">2015<\/span><br>\u2013 Exposition solo, Le Petit Bateau, Sydney, Australia<br>\u2013 Co-fonde la r\u00e9sidence artistique Taverne Gutenberg, Lyon, France<br>\u2013&nbsp;Visages d\u2019ailleurs,&nbsp;Bouillon d\u2019Art Gallery, Bordeaux, France<br>\u2013&nbsp;Malasimbo Music and Arts festival, Puerto Galera, Philippines<\/p>\n<p><span style=\"font-weight: bolder;\">2014<\/span><br>\u2013 100ECS, exposition collective, 123 Daumesnil Gallery, Paris, France<br>\u2013 R\u00e9sidence artistique, Montceaux-les-Mines, France<br>\u2013&nbsp;Hope, exposition solo, Modern Gallery, Bangkok, Thailand<br>\u2013 Art\u2019s Vice exposition collective, Lyon, France<br>\u2013&nbsp;Malasimbo Music and Arts festival, Puerto Galera, Philippines<br>\u2013 Residence artistique,&nbsp;Le Cent, Paris, France<br>\u2013 Cours de dessins \u00e0 l&rsquo;Orphanage House, Sao Paulo, Brazil<br>\u2013&nbsp;La D\u00e9s\u0153uvre, exposition collective,&nbsp;Starter Gallery, Neuilly-sur-Seine, France<\/p>\n<p><span style=\"font-weight: bolder;\">2013<\/span><br>\u2013 Jimmy Cliff &amp; Joss Stone Official portrait, Manila, Philippines<br>\u2013&nbsp;Vente aux ench\u00e8res,&nbsp;Little sisters of the poor, San Francisco, USA<br>\u2013&nbsp;Wanderlust, exposition solo, Altromondo Gallery, Manila, Philippines<br>\u2013 Vue Priv\u00e9e, Singapore<br>\u2013 R\u00e9sidence artistique,&nbsp;H\u00f4tel de Gallifet&nbsp;Art Center, Aix-en-Provence, France<br>\u2013 R\u00e9sidence artistique, Fei Gallery (Cao Chang Di), Beijing, China<\/p>\n<p><span style=\"font-weight: bolder;\">2012<\/span><br>\u2013 Exposition collective,&nbsp;Galerie Modus, France, France<br>\u2013 Exposition solo, Galerie Saint Charles, Lyon, France<br>\u2013 Lille Art Fair, Galerie Saint Charles, Lille, France<br>\u2013&nbsp;A Fool\u2019s War, exposition solo, Coral Contemporary, Nanjing, China<\/p>\n<p><span style=\"font-weight: bolder;\">2011<\/span><br>\u2013 Vente aux ench\u00e8res (by Henri Anton), Westminster Hotel, le Touquet, France<br>\u2013 Exposition at&nbsp;Galerie Flateurville, Paris, France<br>\u2013 R\u00e9sidence artistique au 59 Rivoli, Paris, France<\/p>\n<p><span style=\"font-weight: bolder;\">2010<\/span><br>\u2013 Exposition collective,&nbsp;Art Up D\u00e9co, Paris<br>\u2013 Exposition collective, Maille Store, Paris<\/p>\n<p><span style=\"font-weight: bolder;\">2009<\/span><br>\u2013 Exposition&nbsp;at&nbsp;Galerie LeHalle, Paris, France<\/p><\/div>\n\t\t\t\t<\/div>\n\t\t\t\t\t\t\t\t<\/div>\n\t\t\t\t\t\t<\/div>\n\t\t\t\t<\/div>\n\t\t\t\t\t<\/div>\n\t\t<\/div>\n\t\t\t\t\t<\/div>\n\t\t<\/section>\n\t\t\t\t\t<\/div>\n\t\t<\/div>\n\t\t\t\t\t<\/div>\n\t\t<\/section>\n\t\t\t\t<\/div>\n\t\t","protected":false},"excerpt":{"rendered":"<p>\u00c0 PROPOS Henri Lamy est un artiste peintre et performeur, n\u00e9 en 1985 \u00e0 Lyon. Il vit et travaille entre la France et les Philippines. Photo \u00a9 Sarah Mangeret Henri Lamy, ne\u0301 en 1985, est un artiste franc\u0327ais base\u0301 entre Lyon (France) et Manille (Philippines). Se\u0301duit par l\u2019imme\u0301diatete\u0301 et la spontane\u0301ite\u0301 de l\u2019acrylique, la qualite\u0301 [&hellip;]<\/p>\n","protected":false},"author":2,"featured_media":0,"parent":0,"menu_order":0,"comment_status":"closed","ping_status":"closed","template":"","meta":{"footnotes":""},"class_list":["post-172","page","type-page","status-publish","hentry"],"yoast_head":"<!-- This site is optimized with the Yoast SEO plugin v27.3 - https:\/\/yoast.com\/product\/yoast-seo-wordpress\/ -->\n<title>\u00c0 propos - Henri Lamy \u2022 Peintre | Performeur<\/title>\n<meta name=\"robots\" content=\"index, follow, max-snippet:-1, max-image-preview:large, max-video-preview:-1\" \/>\n<link rel=\"canonical\" href=\"https:\/\/henrilamy.com\/fr\/a-propos\/\" \/>\n<meta property=\"og:locale\" content=\"fr_FR\" \/>\n<meta property=\"og:type\" content=\"article\" \/>\n<meta property=\"og:title\" content=\"\u00c0 propos - Henri Lamy \u2022 Peintre | Performeur\" \/>\n<meta property=\"og:description\" content=\"\u00c0 PROPOS Henri Lamy est un artiste peintre et performeur, n\u00e9 en 1985 \u00e0 Lyon. Il vit et travaille entre la France et les Philippines. Photo \u00a9 Sarah Mangeret Henri Lamy, ne\u0301 en 1985, est un artiste franc\u0327ais base\u0301 entre Lyon (France) et Manille (Philippines). Se\u0301duit par l\u2019imme\u0301diatete\u0301 et la spontane\u0301ite\u0301 de l\u2019acrylique, la qualite\u0301 [&hellip;]\" \/>\n<meta property=\"og:url\" content=\"https:\/\/henrilamy.com\/fr\/a-propos\/\" \/>\n<meta property=\"og:site_name\" content=\"Henri Lamy \u2022 Peintre | Performeur\" \/>\n<meta property=\"article:modified_time\" content=\"2021-05-13T13:07:20+00:00\" \/>\n<meta property=\"og:image\" content=\"https:\/\/henrilamy.com\/wp-content\/uploads\/2021\/01\/Henri-noir-et-blanc-Credit-Sarah-Mangeret.jpg\" \/>\n<meta name=\"twitter:card\" content=\"summary_large_image\" \/>\n<meta name=\"twitter:label1\" content=\"Dur\u00e9e de lecture estim\u00e9e\" \/>\n\t<meta name=\"twitter:data1\" content=\"4 minutes\" \/>\n<script type=\"application\/ld+json\" class=\"yoast-schema-graph\">{\"@context\":\"https:\\\/\\\/schema.org\",\"@graph\":[{\"@type\":\"WebPage\",\"@id\":\"https:\\\/\\\/henrilamy.com\\\/fr\\\/a-propos\\\/\",\"url\":\"https:\\\/\\\/henrilamy.com\\\/fr\\\/a-propos\\\/\",\"name\":\"\u00c0 propos - Henri Lamy \u2022 Peintre | Performeur\",\"isPartOf\":{\"@id\":\"https:\\\/\\\/henrilamy.com\\\/fr\\\/#website\"},\"primaryImageOfPage\":{\"@id\":\"https:\\\/\\\/henrilamy.com\\\/fr\\\/a-propos\\\/#primaryimage\"},\"image\":{\"@id\":\"https:\\\/\\\/henrilamy.com\\\/fr\\\/a-propos\\\/#primaryimage\"},\"thumbnailUrl\":\"https:\\\/\\\/henrilamy.com\\\/wp-content\\\/uploads\\\/2021\\\/01\\\/Henri-noir-et-blanc-Credit-Sarah-Mangeret.jpg\",\"datePublished\":\"2021-01-14T17:51:34+00:00\",\"dateModified\":\"2021-05-13T13:07:20+00:00\",\"breadcrumb\":{\"@id\":\"https:\\\/\\\/henrilamy.com\\\/fr\\\/a-propos\\\/#breadcrumb\"},\"inLanguage\":\"fr-FR\",\"potentialAction\":[{\"@type\":\"ReadAction\",\"target\":[\"https:\\\/\\\/henrilamy.com\\\/fr\\\/a-propos\\\/\"]}]},{\"@type\":\"ImageObject\",\"inLanguage\":\"fr-FR\",\"@id\":\"https:\\\/\\\/henrilamy.com\\\/fr\\\/a-propos\\\/#primaryimage\",\"url\":\"https:\\\/\\\/henrilamy.com\\\/wp-content\\\/uploads\\\/2021\\\/01\\\/Henri-noir-et-blanc-Credit-Sarah-Mangeret.jpg\",\"contentUrl\":\"https:\\\/\\\/henrilamy.com\\\/wp-content\\\/uploads\\\/2021\\\/01\\\/Henri-noir-et-blanc-Credit-Sarah-Mangeret.jpg\"},{\"@type\":\"BreadcrumbList\",\"@id\":\"https:\\\/\\\/henrilamy.com\\\/fr\\\/a-propos\\\/#breadcrumb\",\"itemListElement\":[{\"@type\":\"ListItem\",\"position\":1,\"name\":\"Home\",\"item\":\"https:\\\/\\\/henrilamy.com\\\/fr\\\/\"},{\"@type\":\"ListItem\",\"position\":2,\"name\":\"\u00c0 propos\"}]},{\"@type\":\"WebSite\",\"@id\":\"https:\\\/\\\/henrilamy.com\\\/fr\\\/#website\",\"url\":\"https:\\\/\\\/henrilamy.com\\\/fr\\\/\",\"name\":\"Henri Lamy \u2022 Peintre | Performeur\",\"description\":\"\",\"publisher\":{\"@id\":\"https:\\\/\\\/henrilamy.com\\\/fr\\\/#organization\"},\"potentialAction\":[{\"@type\":\"SearchAction\",\"target\":{\"@type\":\"EntryPoint\",\"urlTemplate\":\"https:\\\/\\\/henrilamy.com\\\/fr\\\/?s={search_term_string}\"},\"query-input\":{\"@type\":\"PropertyValueSpecification\",\"valueRequired\":true,\"valueName\":\"search_term_string\"}}],\"inLanguage\":\"fr-FR\"},{\"@type\":\"Organization\",\"@id\":\"https:\\\/\\\/henrilamy.com\\\/fr\\\/#organization\",\"name\":\"Henri Lamy \u2022 Peintre | Performeur\",\"url\":\"https:\\\/\\\/henrilamy.com\\\/fr\\\/\",\"logo\":{\"@type\":\"ImageObject\",\"inLanguage\":\"fr-FR\",\"@id\":\"https:\\\/\\\/henrilamy.com\\\/fr\\\/#\\\/schema\\\/logo\\\/image\\\/\",\"url\":\"https:\\\/\\\/henrilamy.com\\\/wp-content\\\/uploads\\\/2021\\\/01\\\/bannie\u0300re-henri-lamy.png\",\"contentUrl\":\"https:\\\/\\\/henrilamy.com\\\/wp-content\\\/uploads\\\/2021\\\/01\\\/bannie\u0300re-henri-lamy.png\",\"width\":1080,\"height\":180,\"caption\":\"Henri Lamy \u2022 Peintre | Performeur\"},\"image\":{\"@id\":\"https:\\\/\\\/henrilamy.com\\\/fr\\\/#\\\/schema\\\/logo\\\/image\\\/\"}}]}<\/script>\n<!-- \/ Yoast SEO plugin. -->","yoast_head_json":{"title":"\u00c0 propos - Henri Lamy \u2022 Peintre | Performeur","robots":{"index":"index","follow":"follow","max-snippet":"max-snippet:-1","max-image-preview":"max-image-preview:large","max-video-preview":"max-video-preview:-1"},"canonical":"https:\/\/henrilamy.com\/fr\/a-propos\/","og_locale":"fr_FR","og_type":"article","og_title":"\u00c0 propos - Henri Lamy \u2022 Peintre | Performeur","og_description":"\u00c0 PROPOS Henri Lamy est un artiste peintre et performeur, n\u00e9 en 1985 \u00e0 Lyon. Il vit et travaille entre la France et les Philippines. Photo \u00a9 Sarah Mangeret Henri Lamy, ne\u0301 en 1985, est un artiste franc\u0327ais base\u0301 entre Lyon (France) et Manille (Philippines). Se\u0301duit par l\u2019imme\u0301diatete\u0301 et la spontane\u0301ite\u0301 de l\u2019acrylique, la qualite\u0301 [&hellip;]","og_url":"https:\/\/henrilamy.com\/fr\/a-propos\/","og_site_name":"Henri Lamy \u2022 Peintre | Performeur","article_modified_time":"2021-05-13T13:07:20+00:00","og_image":[{"url":"https:\/\/henrilamy.com\/wp-content\/uploads\/2021\/01\/Henri-noir-et-blanc-Credit-Sarah-Mangeret.jpg","type":"","width":"","height":""}],"twitter_card":"summary_large_image","twitter_misc":{"Dur\u00e9e de lecture estim\u00e9e":"4 minutes"},"schema":{"@context":"https:\/\/schema.org","@graph":[{"@type":"WebPage","@id":"https:\/\/henrilamy.com\/fr\/a-propos\/","url":"https:\/\/henrilamy.com\/fr\/a-propos\/","name":"\u00c0 propos - Henri Lamy \u2022 Peintre | Performeur","isPartOf":{"@id":"https:\/\/henrilamy.com\/fr\/#website"},"primaryImageOfPage":{"@id":"https:\/\/henrilamy.com\/fr\/a-propos\/#primaryimage"},"image":{"@id":"https:\/\/henrilamy.com\/fr\/a-propos\/#primaryimage"},"thumbnailUrl":"https:\/\/henrilamy.com\/wp-content\/uploads\/2021\/01\/Henri-noir-et-blanc-Credit-Sarah-Mangeret.jpg","datePublished":"2021-01-14T17:51:34+00:00","dateModified":"2021-05-13T13:07:20+00:00","breadcrumb":{"@id":"https:\/\/henrilamy.com\/fr\/a-propos\/#breadcrumb"},"inLanguage":"fr-FR","potentialAction":[{"@type":"ReadAction","target":["https:\/\/henrilamy.com\/fr\/a-propos\/"]}]},{"@type":"ImageObject","inLanguage":"fr-FR","@id":"https:\/\/henrilamy.com\/fr\/a-propos\/#primaryimage","url":"https:\/\/henrilamy.com\/wp-content\/uploads\/2021\/01\/Henri-noir-et-blanc-Credit-Sarah-Mangeret.jpg","contentUrl":"https:\/\/henrilamy.com\/wp-content\/uploads\/2021\/01\/Henri-noir-et-blanc-Credit-Sarah-Mangeret.jpg"},{"@type":"BreadcrumbList","@id":"https:\/\/henrilamy.com\/fr\/a-propos\/#breadcrumb","itemListElement":[{"@type":"ListItem","position":1,"name":"Home","item":"https:\/\/henrilamy.com\/fr\/"},{"@type":"ListItem","position":2,"name":"\u00c0 propos"}]},{"@type":"WebSite","@id":"https:\/\/henrilamy.com\/fr\/#website","url":"https:\/\/henrilamy.com\/fr\/","name":"Henri Lamy \u2022 Peintre | Performeur","description":"","publisher":{"@id":"https:\/\/henrilamy.com\/fr\/#organization"},"potentialAction":[{"@type":"SearchAction","target":{"@type":"EntryPoint","urlTemplate":"https:\/\/henrilamy.com\/fr\/?s={search_term_string}"},"query-input":{"@type":"PropertyValueSpecification","valueRequired":true,"valueName":"search_term_string"}}],"inLanguage":"fr-FR"},{"@type":"Organization","@id":"https:\/\/henrilamy.com\/fr\/#organization","name":"Henri Lamy \u2022 Peintre | Performeur","url":"https:\/\/henrilamy.com\/fr\/","logo":{"@type":"ImageObject","inLanguage":"fr-FR","@id":"https:\/\/henrilamy.com\/fr\/#\/schema\/logo\/image\/","url":"https:\/\/henrilamy.com\/wp-content\/uploads\/2021\/01\/bannie\u0300re-henri-lamy.png","contentUrl":"https:\/\/henrilamy.com\/wp-content\/uploads\/2021\/01\/bannie\u0300re-henri-lamy.png","width":1080,"height":180,"caption":"Henri Lamy \u2022 Peintre | Performeur"},"image":{"@id":"https:\/\/henrilamy.com\/fr\/#\/schema\/logo\/image\/"}}]}},"_links":{"self":[{"href":"https:\/\/henrilamy.com\/fr\/wp-json\/wp\/v2\/pages\/172","targetHints":{"allow":["GET"]}}],"collection":[{"href":"https:\/\/henrilamy.com\/fr\/wp-json\/wp\/v2\/pages"}],"about":[{"href":"https:\/\/henrilamy.com\/fr\/wp-json\/wp\/v2\/types\/page"}],"author":[{"embeddable":true,"href":"https:\/\/henrilamy.com\/fr\/wp-json\/wp\/v2\/users\/2"}],"replies":[{"embeddable":true,"href":"https:\/\/henrilamy.com\/fr\/wp-json\/wp\/v2\/comments?post=172"}],"version-history":[{"count":60,"href":"https:\/\/henrilamy.com\/fr\/wp-json\/wp\/v2\/pages\/172\/revisions"}],"predecessor-version":[{"id":1697,"href":"https:\/\/henrilamy.com\/fr\/wp-json\/wp\/v2\/pages\/172\/revisions\/1697"}],"wp:attachment":[{"href":"https:\/\/henrilamy.com\/fr\/wp-json\/wp\/v2\/media?parent=172"}],"curies":[{"name":"wp","href":"https:\/\/api.w.org\/{rel}","templated":true}]}}